{"id":45,"date":"2024-12-09T22:16:12","date_gmt":"2024-12-09T16:16:12","guid":{"rendered":"https:\/\/elexitoacademico.com\/?page_id=45"},"modified":"2025-07-16T21:00:19","modified_gmt":"2025-07-17T03:00:19","slug":"acerca-de-nodotros","status":"publish","type":"page","link":"https:\/\/elexitoacademico.com\/?page_id=45","title":{"rendered":"Educaci\u00f3n pr\u00e1ctica para transformar vidas."},"content":{"rendered":"<figure class=\"wp-block-image alignfull size-large\"><img loading=\"lazy\" decoding=\"async\" width=\"1024\" height=\"289\" src=\"https:\/\/elexitoacademico.com\/wp-content\/uploads\/2025\/07\/Acerca-de--1024x289.png\" alt=\"\" class=\"wp-image-756\" srcset=\"https:\/\/elexitoacademico.com\/wp-content\/uploads\/2025\/07\/Acerca-de--1024x289.png 1024w, https:\/\/elexitoacademico.com\/wp-content\/uploads\/2025\/07\/Acerca-de--300x85.png 300w, https:\/\/elexitoacademico.com\/wp-content\/uploads\/2025\/07\/Acerca-de--768x216.png 768w, https:\/\/elexitoacademico.com\/wp-content\/uploads\/2025\/07\/Acerca-de--600x169.png 600w, https:\/\/elexitoacademico.com\/wp-content\/uploads\/2025\/07\/Acerca-de-.png 1366w\" sizes=\"auto, (max-width: 1024px) 100vw, 1024px\" \/><\/figure><div style=\"height:89px\" aria-hidden=\"true\" class=\"wp-block-spacer\"><\/div><h3 class=\"wp-block-heading has-text-align-left\"><strong>\u00c9xito Acad\u00e9mico nace como una respuesta directa a dos desaf\u00edos urgentes en el mundo universitario y profesional.<\/strong><\/h3><p>Primero, la <strong>alta tasa de deserci\u00f3n de estudiantes<\/strong> que ingresan a carreras como Medicina, Ingenier\u00eda, Odontolog\u00eda, etc. La soluci\u00f3n: un modelo innovador centrado en el aprendizaje aut\u00f3nomo, que ha demostrado aumentar el desempe\u00f1o, la retenci\u00f3n y mejorar las tasas de aprobaci\u00f3n desde el primer a\u00f1o.<\/p><p>Pero el camino no termina con un t\u00edtulo. Por eso, <strong>la segunda l\u00ednea de acci\u00f3n se enfoca en m\u00e9dicos reci\u00e9n graduados<\/strong>, brind\u00e1ndoles herramientas pr\u00e1cticas para construir y liderar su carrera desde la consulta privada, con estrategia y visi\u00f3n de largo plazo.<\/p><div style=\"height:80px\" aria-hidden=\"true\" class=\"wp-block-spacer\"><\/div><h3 class=\"wp-block-heading has-text-align-left\">Nuestra Cultura Institucional:<\/h3><h2 class=\"wp-block-heading has-text-align-center\"><strong><mark style=\"background-color:#000080;color:#eac102\" class=\"has-inline-color\"><strong>\ud83c\udfaf Misi\u00f3n<\/strong><\/mark><\/strong><\/h2><p><strong>Empoderar a estudiantes universitarios y m\u00e9dicos en Latinoam\u00e9rica<\/strong> mediante cursos autogestionados, pr\u00e1cticos y estrat\u00e9gicos que les permitan desarrollar habilidades reales para liderar su aprendizaje y su carrera profesional desde el inicio.<\/p><h2 class=\"wp-block-heading has-text-align-center\"><strong><mark style=\"background-color:#000080;color:#eac102\" class=\"has-inline-color\"><strong><strong>\ud83d\udc41\ufe0f\u200d\ud83d\udde8\ufe0f Visi\u00f3n<\/strong><\/strong><\/mark><\/strong><\/h2><p>Convertirnos en la plataforma de referencia en educaci\u00f3n pr\u00e1ctica en habla hispana, transformando la manera en que los j\u00f3venes y profesionales de la salud se preparan para enfrentar los desaf\u00edos acad\u00e9micos, personales y laborales del siglo XXI.<\/p><h2 class=\"wp-block-heading has-text-align-center\"><strong><mark style=\"background-color:#000080;color:#eac102\" class=\"has-inline-color\"><strong><strong><strong>\ud83d\udca1 Valores<\/strong><\/strong><\/strong><\/mark><\/strong><\/h2><ul class=\"wp-block-list\"><li><strong>Autonom\u00eda:<\/strong> Fomentamos el desarrollo de personas que aprenden, deciden y lideran su camino.<\/li>\n\n<li><strong>Excelencia:<\/strong> Ense\u00f1amos lo que funciona en la vida real, con calidad acad\u00e9mica y aplicaci\u00f3n pr\u00e1ctica.<\/li>\n\n<li><strong>Compromiso social:<\/strong> Nuestra educaci\u00f3n busca mejorar vidas, no solo curr\u00edculos.<\/li>\n\n<li><strong>Cercan\u00eda:<\/strong> Hablamos en tu idioma, entendemos tus retos y caminamos con vos.<\/li>\n\n<li><strong>Innovaci\u00f3n educativa:<\/strong> Aplicamos enfoques modernos centrados en la autogesti\u00f3n, el prop\u00f3sito y la acci\u00f3n.<\/li><\/ul><div style=\"height:72px\" aria-hidden=\"true\" class=\"wp-block-spacer\"><\/div><h3 class=\"wp-block-heading has-text-align-left\">Un Servicio Educativo de:<\/h3><p class=\"has-text-align-center\">EXITO ACADEMICO Ltd. Co. 8206 Louisiana Blvd Ne, Ste A #5829, Albuquerque, New Mexico 87113 U.S.A.<\/p><p><\/p>","protected":false},"excerpt":{"rendered":"<p>\u00c9xito Acad\u00e9mico nace como una respuesta directa a dos desaf\u00edos urgentes en el mundo universitario y profesional. Primero, la alta tasa de deserci\u00f3n de estudiantes que ingresan a carreras como Medicina, Ingenier\u00eda, Odontolog\u00eda, etc. La soluci\u00f3n: un modelo innovador centrado en el aprendizaje aut\u00f3nomo, que ha demostrado aumentar el desempe\u00f1o, la retenci\u00f3n y mejorar las&hellip;&nbsp;<a href=\"https:\/\/elexitoacademico.com\/?page_id=45\" rel=\"bookmark\">Leer m\u00e1s &raquo;<span class=\"screen-reader-text\">Educaci\u00f3n pr\u00e1ctica para transformar vidas.<\/span><\/a><\/p>\n","protected":false},"author":2,"featured_media":0,"parent":0,"menu_order":2,"comment_status":"closed","ping_status":"closed","template":"","meta":{"neve_meta_sidebar":"","neve_meta_container":"","neve_meta_enable_content_width":"","neve_meta_content_width":0,"neve_meta_title_alignment":"","neve_meta_author_avatar":"","neve_post_elements_order":"","neve_meta_disable_header":"","neve_meta_disable_footer":"","neve_meta_disable_title":"","_kadence_starter_templates_imported_post":false,"footnotes":""},"class_list":["post-45","page","type-page","status-publish","hentry"],"_links":{"self":[{"href":"https:\/\/elexitoacademico.com\/index.php?rest_route=\/wp\/v2\/pages\/45","targetHints":{"allow":["GET"]}}],"collection":[{"href":"https:\/\/elexitoacademico.com\/index.php?rest_route=\/wp\/v2\/pages"}],"about":[{"href":"https:\/\/elexitoacademico.com\/index.php?rest_route=\/wp\/v2\/types\/page"}],"author":[{"embeddable":true,"href":"https:\/\/elexitoacademico.com\/index.php?rest_route=\/wp\/v2\/users\/2"}],"replies":[{"embeddable":true,"href":"https:\/\/elexitoacademico.com\/index.php?rest_route=%2Fwp%2Fv2%2Fcomments&post=45"}],"version-history":[{"count":35,"href":"https:\/\/elexitoacademico.com\/index.php?rest_route=\/wp\/v2\/pages\/45\/revisions"}],"predecessor-version":[{"id":871,"href":"https:\/\/elexitoacademico.com\/index.php?rest_route=\/wp\/v2\/pages\/45\/revisions\/871"}],"wp:attachment":[{"href":"https:\/\/elexitoacademico.com\/index.php?rest_route=%2Fwp%2Fv2%2Fmedia&parent=45"}],"curies":[{"name":"wp","href":"https:\/\/api.w.org\/{rel}","templated":true}]}}