{"id":100,"date":"2024-12-10T18:53:55","date_gmt":"2024-12-11T00:53:55","guid":{"rendered":"https:\/\/elexitoacademico.com\/?page_id=100"},"modified":"2025-07-16T21:05:42","modified_gmt":"2025-07-17T03:05:42","slug":"nuestro-servicio","status":"publish","type":"page","link":"https:\/\/elexitoacademico.com\/?page_id=100","title":{"rendered":"Preguntas Frecuentes"},"content":{"rendered":"<figure class=\"wp-block-image alignwide size-full\"><img loading=\"lazy\" decoding=\"async\" width=\"851\" height=\"315\" src=\"https:\/\/elexitoacademico.com\/wp-content\/uploads\/2025\/07\/Preguntas-Frecuentes.png\" alt=\"\" class=\"wp-image-721\" srcset=\"https:\/\/elexitoacademico.com\/wp-content\/uploads\/2025\/07\/Preguntas-Frecuentes.png 851w, https:\/\/elexitoacademico.com\/wp-content\/uploads\/2025\/07\/Preguntas-Frecuentes-300x111.png 300w, https:\/\/elexitoacademico.com\/wp-content\/uploads\/2025\/07\/Preguntas-Frecuentes-768x284.png 768w, https:\/\/elexitoacademico.com\/wp-content\/uploads\/2025\/07\/Preguntas-Frecuentes-600x222.png 600w\" sizes=\"auto, (max-width: 851px) 100vw, 851px\" \/><\/figure><div style=\"height:100px\" aria-hidden=\"true\" class=\"wp-block-spacer\"><\/div><details class=\"wp-block-details is-layout-flow wp-block-details-is-layout-flow\"><summary>\u00bfQu\u00e9 tipo de cursos ofrece \u00c9xito Acad\u00e9mico?<\/summary><p><mark style=\"background-color:#90ee90;color:#000080\" class=\"has-inline-color\">Ofrecemos formaci\u00f3n estrat\u00e9gica y pr\u00e1ctica para Estudiantes Universitarios y M\u00e9dicos. Nuestros cursos cubren temas como t\u00e9cnicas de estudio, liderazgo personal, gesti\u00f3n del tiempo, marketing profesional y finanzas personales.<\/mark><\/p><\/details><div style=\"height:21px\" aria-hidden=\"true\" class=\"wp-block-spacer\"><\/div><details class=\"wp-block-details is-layout-flow wp-block-details-is-layout-flow\"><summary>\u00bfC\u00f3mo accedo a los cursos una vez que me inscribo?<\/summary><p><mark style=\"background-color:#90ee90;color:#000080\" class=\"has-inline-color\">Recibir\u00e1s un correo con tu usuario y contrase\u00f1a para acceder a nuestra plataforma, desde cualquier dispositivo, cuando quieras.<\/mark><\/p><\/details><div style=\"height:21px\" aria-hidden=\"true\" class=\"wp-block-spacer\"><\/div><details class=\"wp-block-details is-layout-flow wp-block-details-is-layout-flow\"><summary>\u00bfLos cursos tienen un horario fijo o puedo avanzar a mi ritmo?<\/summary><p><mark style=\"background-color:#90ee90\" class=\"has-inline-color\">Puedes avanzar a tu ritmo. Todos nuestros cursos son asincr\u00f3nicos, dise\u00f1ados para adaptarse a tu horario.<\/mark><\/p><\/details><div style=\"height:21px\" aria-hidden=\"true\" class=\"wp-block-spacer\"><\/div><details class=\"wp-block-details is-layout-flow wp-block-details-is-layout-flow\"><summary>\u00bfEntregan certificados al finalizar los cursos?<\/summary><p><mark style=\"background-color:#90ee90\" class=\"has-inline-color\"><strong>S\u00ed, entregamos un certificado al finalizar, pero creemos que lo m\u00e1s valioso no se imprime: se vive.<\/strong><br>Nuestro enfoque no es acad\u00e9mico tradicional, sino de educaci\u00f3n no reglada orientada a desarrollar competencias reales para la vida. Aun as\u00ed, al completar el curso y su evaluaci\u00f3n final, recibir\u00e1s un certificado con carga horaria equivalente a cr\u00e9ditos acad\u00e9micos regionales, \u00fatil para universidades o procesos de educaci\u00f3n continua.<\/mark><\/p><\/details><div style=\"height:21px\" aria-hidden=\"true\" class=\"wp-block-spacer\"><\/div><details class=\"wp-block-details is-layout-flow wp-block-details-is-layout-flow\"><summary>\u00bfPuedo pagar con tarjeta desde cualquier pa\u00eds?<\/summary><p><mark style=\"background-color:#90ee90\" class=\"has-inline-color\">S\u00ed. Aceptamos tarjetas de cr\u00e9dito \/ d\u00e9bito internacionales.<\/mark><\/p><\/details><div style=\"height:21px\" aria-hidden=\"true\" class=\"wp-block-spacer\"><\/div><details class=\"wp-block-details is-layout-flow wp-block-details-is-layout-flow\"><summary>\u00bfQu\u00e9 curso recomiendan para alguien que est\u00e1 iniciando la universidad?<\/summary><p><mark style=\"background-color:var(--nv-secondary-accent)\" class=\"has-inline-color\"><strong>Soy el jefe de mi propio aprendizaje:\u00a0<em>claves para empezar la universidad con poder\u201d<\/em><\/strong> Ofrece herramientas sencillas, pr\u00e1cticas y efectivas que ayudan al estudiante a tomar el control de su propio aprendizaje desde el primer d\u00eda tales como: <em>&#8211; Conocerse, &#8211; Planificarse, &#8211; Establecer metas reales y &#8211; Avanzar con confianza y claridad.<\/em><\/mark><\/p><\/details><div style=\"height:21px\" aria-hidden=\"true\" class=\"wp-block-spacer\"><\/div><details class=\"wp-block-details is-layout-flow wp-block-details-is-layout-flow\"><summary>Soy m\u00e9dico, \u00bfC\u00f3mo me ayuda \u00c9xito Acad\u00e9mico en mi pr\u00e1ctica profesional?<\/summary><p><mark style=\"background-color:#90ee90\" class=\"has-inline-color\">Ofrecemos cursos enfocados en desarrollar las competencias para la gesti\u00f3n de la carrera en la pr\u00e1ctica privada, como \u201cMarketing M\u00e9dico\u201d, \u201cGesti\u00f3n financiera\u201d, \u201cGesti\u00f3n Estrat\u00e9gica\u201d y \u201cAutoliderazgo M\u00e9dico\u201d&nbsp;&nbsp; para ayudarte a consolidar tu carrera con una base s\u00f3lida.<\/mark><\/p><\/details><div style=\"height:21px\" aria-hidden=\"true\" class=\"wp-block-spacer\"><\/div><details class=\"wp-block-details is-layout-flow wp-block-details-is-layout-flow\"><summary>\u00bfQui\u00e9n est\u00e1 detr\u00e1s de \u00c9xito Acad\u00e9mico?<\/summary><p><mark style=\"background-color:#90ee90\" class=\"has-inline-color\">\u00abElExitoAcademico.com\u00bb es una iniciativa independiente, creada por m\u00e9dicos y educadores con m\u00e1s de 30 a\u00f1os de experiencia en la pr\u00e1ctica privada y la docencia universitaria en medicina y odontolog\u00eda. No pertenecemos a ninguna universidad, gobierno ni organismo internacional. Somos una instituci\u00f3n aut\u00f3noma con domicilio legal y fiscal en Albuquerque, Nuevo M\u00e9xico.<\/mark><\/p><\/details><div style=\"height:21px\" aria-hidden=\"true\" class=\"wp-block-spacer\"><\/div><details class=\"wp-block-details is-layout-flow wp-block-details-is-layout-flow\"><summary>\u00bfHay alguna garant\u00eda de satisfacci\u00f3n?<\/summary><p><mark style=\"background-color:#90ee90\" class=\"has-inline-color\">S\u00ed. Tienes <strong>7 d\u00edas<\/strong> para solicitar un cambio de curso o un reembolso parcial, si no se ajusta a tus expectativas.<\/mark><\/p><\/details><div style=\"height:21px\" aria-hidden=\"true\" class=\"wp-block-spacer\"><\/div><details class=\"wp-block-details is-layout-flow wp-block-details-is-layout-flow\"><summary>\u00bfPuedo contactar a un asesor antes de inscribirme?<\/summary><p><mark style=\"background-color:#90ee90\" class=\"has-inline-color\">Claro! Escr\u00edbenos ahora mismo al pie de cada p\u00e1gina encontrar\u00e1s una burbuja de <strong>WhatsApp<\/strong>. Te ayudamos a elegir el curso ideal para ti.<\/mark><\/p><\/details><p><\/p>","protected":false},"excerpt":{"rendered":"","protected":false},"author":2,"featured_media":0,"parent":0,"menu_order":0,"comment_status":"closed","ping_status":"closed","template":"","meta":{"neve_meta_sidebar":"","neve_meta_container":"","neve_meta_enable_content_width":"","neve_meta_content_width":0,"neve_meta_title_alignment":"","neve_meta_author_avatar":"","neve_post_elements_order":"","neve_meta_disable_header":"","neve_meta_disable_footer":"","neve_meta_disable_title":"","_kadence_starter_templates_imported_post":false,"footnotes":""},"class_list":["post-100","page","type-page","status-publish","hentry"],"_links":{"self":[{"href":"https:\/\/elexitoacademico.com\/index.php?rest_route=\/wp\/v2\/pages\/100","targetHints":{"allow":["GET"]}}],"collection":[{"href":"https:\/\/elexitoacademico.com\/index.php?rest_route=\/wp\/v2\/pages"}],"about":[{"href":"https:\/\/elexitoacademico.com\/index.php?rest_route=\/wp\/v2\/types\/page"}],"author":[{"embeddable":true,"href":"https:\/\/elexitoacademico.com\/index.php?rest_route=\/wp\/v2\/users\/2"}],"replies":[{"embeddable":true,"href":"https:\/\/elexitoacademico.com\/index.php?rest_route=%2Fwp%2Fv2%2Fcomments&post=100"}],"version-history":[{"count":30,"href":"https:\/\/elexitoacademico.com\/index.php?rest_route=\/wp\/v2\/pages\/100\/revisions"}],"predecessor-version":[{"id":873,"href":"https:\/\/elexitoacademico.com\/index.php?rest_route=\/wp\/v2\/pages\/100\/revisions\/873"}],"wp:attachment":[{"href":"https:\/\/elexitoacademico.com\/index.php?rest_route=%2Fwp%2Fv2%2Fmedia&parent=100"}],"curies":[{"name":"wp","href":"https:\/\/api.w.org\/{rel}","templated":true}]}}